{"id":2,"date":"2013-09-17T15:43:42","date_gmt":"2013-09-17T15:43:42","guid":{"rendered":"http:\/\/pfaessler.sp-parl.ch\/?page_id=2"},"modified":"2026-03-24T21:54:23","modified_gmt":"2026-03-24T20:54:23","slug":"beispiel-seite","status":"publish","type":"page","link":"https:\/\/peter-faessler.spschweiz.ch\/","title":{"rendered":"Den Kanton Luzern mitgestalten!"},"content":{"rendered":"<h3>Mein Engagement im Luzerner Kantonsrat<\/h3>\n<p>zeigte sich von 2014 bis 2026 in der SP Fraktion in der aktiven Beteiligung an den politischen Prozessen.<\/p>\n<p>2023-2026 Pr\u00e4sident der <a href=\"https:\/\/www.lu.ch\/kr\/mitglieder_und_organe\/kommissionen\/spk\" target=\"_blank\" rel=\"noopener\">Staatspolitischen Kommission SPK<\/a><\/p>\n<p>2023-2026 Mitglied der <a href=\"https:\/\/www.lu.ch\/kr\/mitglieder_und_organe\/kommissionen\/akk\" target=\"_blank\" rel=\"noopener\">Aufsichts- und Kontrollkommission AKK<\/a> als Leader des Ausschusses Bildungs- und Kulturdepartement BKD sowie<br \/>\nMitglied der <a href=\"https:\/\/www.hslu.ch\/de-ch\/hochschule-luzern\/ueber-uns\/leitung-und-organisation\/\" target=\"_blank\" rel=\"noopener\">Interparlamentarischen Fachhochschulkommission IFHK<\/a><\/p>\n<p>2019-2023 Pr\u00e4sident der <a href=\"https:\/\/www.lu.ch\/kr\/mitglieder_und_organe\/kommissionen\/ruek\" target=\"_blank\" rel=\"noopener\">Kommission Raumplanung, Umwelt und Energie RUEK<\/a><\/p>\n<p>2015-2019 Mitglied der <a href=\"https:\/\/www.lu.ch\/kr\/mitglieder_und_organe\/kommissionen\/jsk\" target=\"_blank\" rel=\"noopener\">Justiz- und Sicherheitskommission JSK<\/a><\/p>\n<p>2014-2015 Mitglied der <a href=\"https:\/\/www.lu.ch\/kr\/mitglieder_und_organe\/kommissionen\/ruek\" target=\"_blank\" rel=\"noopener\">Kommission Raumplanung, Umwelt und Energie RUEK<\/a><\/p>\n<h3>Mein politischer Werdegang<\/h3>\n<p>begann in der <strong>Gewerkschaftsarbeit im SMUV<\/strong>. Sp\u00e4ter engagierte ich mich in der <strong>Schulpflege Kriens<\/strong>. Aktiv war ich auch im <strong>Vorstand der <a href=\"https:\/\/www.sp-kriens.ch\/\" target=\"_blank\" rel=\"noopener noreferrer\">SP Kriens<\/a><\/strong>. Diese leitete ich einige Zeit.<\/p>\n<p><img loading=\"lazy\" decoding=\"async\" class=\" wp-image-5432 alignright\" src=\"http:\/\/peter-faessler.spschweiz.ch\/wp-content\/uploads\/sites\/15\/2023\/06\/DSC_0042-300x200.jpg\" alt=\"\" width=\"258\" height=\"172\" srcset=\"https:\/\/peter-faessler.spschweiz.ch\/wp-content\/uploads\/sites\/15\/2023\/06\/DSC_0042-300x200.jpg 300w, https:\/\/peter-faessler.spschweiz.ch\/wp-content\/uploads\/sites\/15\/2023\/06\/DSC_0042-1024x683.jpg 1024w, https:\/\/peter-faessler.spschweiz.ch\/wp-content\/uploads\/sites\/15\/2023\/06\/DSC_0042-150x100.jpg 150w, https:\/\/peter-faessler.spschweiz.ch\/wp-content\/uploads\/sites\/15\/2023\/06\/DSC_0042-768x512.jpg 768w, https:\/\/peter-faessler.spschweiz.ch\/wp-content\/uploads\/sites\/15\/2023\/06\/DSC_0042-1536x1024.jpg 1536w, https:\/\/peter-faessler.spschweiz.ch\/wp-content\/uploads\/sites\/15\/2023\/06\/DSC_0042-2048x1366.jpg 2048w\" sizes=\"auto, (max-width: 258px) 100vw, 258px\" \/>Im <a href=\"https:\/\/www.einwohnerrat-kriens.ch\/\" target=\"_blank\" rel=\"noopener noreferrer\"><strong>Einwohnerrat Kriens<\/strong><\/a> wirkte ich w\u00e4hrend 5 Jahren und f\u00fchrte als Fraktionschef die SP\/Juso-Fraktion.<\/p>\n<p>Und zuletzt politisierte ich von 2014 bis 2026 im <strong><a href=\"https:\/\/www.lu.ch\/kr\" target=\"_blank\" rel=\"noopener noreferrer\">Ka<\/a><a href=\"https:\/\/www.lu.ch\/kr\" target=\"_blank\" rel=\"noopener noreferrer\">ntonsrat Luzern<\/a><\/strong>.<\/p>\n<p>F\u00fcr den Sprung in den <strong><a href=\"https:\/\/www.parlament.ch\/de\/organe\/nationalrat\" target=\"_blank\" rel=\"noopener noreferrer\">Nationalrat<\/a> <\/strong>hat es 2019 leider nicht gereicht. Daf\u00fcr durfte ich einen spannenden Wahlkampf erleben.<\/p>\n<p>Seit Oktober 2022 bin ich im <strong>Vorstand von <a href=\"https:\/\/www.sp-luzern.ch\/de\/SP60plus\" target=\"_blank\" rel=\"noopener\">SP60+<\/a><\/strong> Luzern.<br \/>\n<em>Die SP60+ vertritt vor dem Hintergrund ihrer Erfahrungen und ihrer Lebenssituation die Sicht der \u00e4lteren Generation. Sie beschr\u00e4nkt sich dabei nicht auf die Wahrnehmung von altersspezifischen Interessen, sie ist auch solidarisch mit j\u00fcngeren Generationen. Sie k\u00e4mpft f\u00fcr die Gleichberechtigung und Selbstbestimmung sowie die Achtung der W\u00fcrde von \u00e4lteren Menschen in der Gesellschaft, f\u00f6rdert die Beteiligung von \u00e4lteren Genossinnen und Genossen am gesellschaftlichen und politischen Geschehen und f\u00f6rdert Ideen zur Alterspolitik in Partei und Gesellschaft.<\/em><\/p>\n<div id=\"attachment_5461\" style=\"width: 310px\" class=\"wp-caption alignright\"><img loading=\"lazy\" decoding=\"async\" aria-describedby=\"caption-attachment-5461\" class=\"size-medium wp-image-5461\" src=\"http:\/\/peter-faessler.spschweiz.ch\/wp-content\/uploads\/sites\/15\/2023\/06\/E9A4322-300x200.jpg\" alt=\"\" width=\"300\" height=\"200\" srcset=\"https:\/\/peter-faessler.spschweiz.ch\/wp-content\/uploads\/sites\/15\/2023\/06\/E9A4322-300x200.jpg 300w, https:\/\/peter-faessler.spschweiz.ch\/wp-content\/uploads\/sites\/15\/2023\/06\/E9A4322-1024x683.jpg 1024w, https:\/\/peter-faessler.spschweiz.ch\/wp-content\/uploads\/sites\/15\/2023\/06\/E9A4322-150x100.jpg 150w, https:\/\/peter-faessler.spschweiz.ch\/wp-content\/uploads\/sites\/15\/2023\/06\/E9A4322-768x512.jpg 768w, https:\/\/peter-faessler.spschweiz.ch\/wp-content\/uploads\/sites\/15\/2023\/06\/E9A4322-1536x1024.jpg 1536w, https:\/\/peter-faessler.spschweiz.ch\/wp-content\/uploads\/sites\/15\/2023\/06\/E9A4322-2048x1366.jpg 2048w\" sizes=\"auto, (max-width: 300px) 100vw, 300px\" \/><p id=\"caption-attachment-5461\" class=\"wp-caption-text\">Bild: Staatskanzlei Luzern<\/p><\/div>\n<p><img loading=\"lazy\" decoding=\"async\" class=\"size-medium wp-image-5337 alignleft\" src=\"http:\/\/peter-faessler.spschweiz.ch\/wp-content\/uploads\/sites\/15\/2023\/05\/IMG-20230514-WA0021-169x300.jpg\" alt=\"\" width=\"169\" height=\"300\" srcset=\"https:\/\/peter-faessler.spschweiz.ch\/wp-content\/uploads\/sites\/15\/2023\/05\/IMG-20230514-WA0021-169x300.jpg 169w, https:\/\/peter-faessler.spschweiz.ch\/wp-content\/uploads\/sites\/15\/2023\/05\/IMG-20230514-WA0021-576x1024.jpg 576w, https:\/\/peter-faessler.spschweiz.ch\/wp-content\/uploads\/sites\/15\/2023\/05\/IMG-20230514-WA0021-84x150.jpg 84w, https:\/\/peter-faessler.spschweiz.ch\/wp-content\/uploads\/sites\/15\/2023\/05\/IMG-20230514-WA0021-768x1365.jpg 768w, https:\/\/peter-faessler.spschweiz.ch\/wp-content\/uploads\/sites\/15\/2023\/05\/IMG-20230514-WA0021-864x1536.jpg 864w, https:\/\/peter-faessler.spschweiz.ch\/wp-content\/uploads\/sites\/15\/2023\/05\/IMG-20230514-WA0021.jpg 1134w\" sizes=\"auto, (max-width: 169px) 100vw, 169px\" \/>Als <strong>Wahlhelfer<\/strong> von 2022-2023 engagierte ich mich stark f\u00fcr die Wahl von<strong> Ylfete Fanaj f\u00fcr den Regierungsrat<\/strong> und bin gl\u00fccklich, dass sich die grosse Arbeit des ganzen Wahlkampfteams gelohnt hat.Mit Ylfete Fanaj trat eine kompetente Kandidatin der SP Kanton Luzern f\u00fcr das Amt des Regierungsrates an. Im 2. Wahlgang vom 14. Mai 2023 wurde Ylfete Fanaj in den Regierungsrat gew\u00e4hlt. Dies nach 8 Jahren Abwesenheit der SP von der Luzerner Regierung. Mehr Informationen zu <a href=\"https:\/\/ylfetefanaj.ch\/\" target=\"_blank\" rel=\"noopener\">Ylfete Fanaj<\/a>.<\/p>\n<p>Von Mai 2023 bis Februar 2026 bewegte ich mich \u00f6fters im Bundeshaus in Bern. Ich wurde vom <a href=\"https:\/\/www.sp-ps.ch\/partei\/parteirat\/\" target=\"_blank\" rel=\"noopener\">SP-Parteirat<\/a> als <strong>Co-Pr\u00e4sident der schweizerischen <a href=\"https:\/\/www.sp-ps.ch\/partei\/themenkommissionen\/umwelt-energie-und-raumplanung\/\" target=\"_blank\" rel=\"noopener\">Themenkommission Umwelt, Energie und Raumplanung<\/a><\/strong> gew\u00e4hlt. Ich leitete diese Kommission zusammen mit der jurassischen<a href=\"https:\/\/www.parlament.ch\/de\/biografie\/mathilde-crevoisier-crelier\/4332\" target=\"_blank\" rel=\"noopener\"> St\u00e4nder\u00e4tin Mathilde Crevoisier Crelier<\/a>.<br \/>\n<em><img loading=\"lazy\" decoding=\"async\" class=\"size-medium wp-image-2699 alignright\" src=\"http:\/\/peter-faessler.spschweiz.ch\/wp-content\/uploads\/sites\/15\/2019\/07\/DSC_3955-e1562150773242-300x225.jpg\" alt=\"\" width=\"300\" height=\"225\" srcset=\"https:\/\/peter-faessler.spschweiz.ch\/wp-content\/uploads\/sites\/15\/2019\/07\/DSC_3955-e1562150773242-300x225.jpg 300w, https:\/\/peter-faessler.spschweiz.ch\/wp-content\/uploads\/sites\/15\/2019\/07\/DSC_3955-e1562150773242-150x113.jpg 150w, https:\/\/peter-faessler.spschweiz.ch\/wp-content\/uploads\/sites\/15\/2019\/07\/DSC_3955-e1562150773242-768x576.jpg 768w, https:\/\/peter-faessler.spschweiz.ch\/wp-content\/uploads\/sites\/15\/2019\/07\/DSC_3955-e1562150773242-1024x768.jpg 1024w\" sizes=\"auto, (max-width: 300px) 100vw, 300px\" \/>Umwelt, Energie und Raumplanung sind f\u00fcr die Politik der SP fundamentale Themen. In unserer Themenkommission wollen wir Expert:innen, Politiker:innen und interessierte Mitglieder auf nationaler, kantonaler und kommunaler Ebene zusammenbringen, unser Wissen teilen und gemeinsam politische Vorst\u00f6sse oder andere Vorschl\u00e4ge f\u00fcr die Partei erarbeiten. Die Themen, welche behandelt werden, k\u00f6nnen von der Biodiversit\u00e4t in der Landwirtschaft zur Energie-Versorgungssicherheit, von einer menschengerechten Raumplanung zu klimafreundlichen Technologien gehen. <\/em><em>Die Themenkommission \u00abUmwelt, Energie und Raumplanung\u00bb verf\u00fcgt zudem \u00fcber eine <strong>Subkommission \u00abKlima und Energie\u00bb<\/strong> welche sich spezifisch dieser Themen annimmt. Zudem besteht seit Kurzem die <strong>Subthemenkommission Biodiversit\u00e4t<\/strong>. <\/em><em>Die Themenkommission \u00abUmwelt, Energie und Raumplanung\u00bb trifft sich viermal im Jahr. Mitglieder der Kommission sowie der Subkommissionen sind herzlich vor Ort im Bundeshaus Bern oder per Zoom willkommen. Infos auf der <a href=\"https:\/\/www.sp-ps.ch\/partei\/themenkommissionen\/umwelt-energie-und-raumplanung\/\" target=\"_blank\" rel=\"noopener\">Homepage der Themenkommission<\/a>.<br \/>\n<\/em><br \/>\nZudem war ich <strong>Delegierter des <a href=\"https:\/\/www.sp-ps.ch\/partei\/parteirat\/\" target=\"_blank\" rel=\"noopener\">Parteirates<\/a> und f\u00fcr die Parteitage der <a href=\"https:\/\/www.sp-ps.ch\/de\" target=\"_blank\" rel=\"noopener noreferrer\">SP Schweiz<\/a><\/strong>.<\/p>\n<p>&nbsp;<\/p>\n<p>&nbsp;<\/p>\n<p>&nbsp;<\/p>\n<p>&nbsp;<\/p>\n<p>&nbsp;<\/p>\n<p>&nbsp;<\/p>\n<p>&nbsp;<\/p>\n<p>&nbsp;<\/p>\n<p>&nbsp;<\/p>\n<p>&nbsp;<\/p>\n<p>&nbsp;<\/p>\n<p>&nbsp;<\/p>\n<p>&nbsp;<\/p>\n<p>&nbsp;<\/p>\n<p>&nbsp;<\/p>\n<p>&nbsp;<\/p>\n<div style=\"width: 0;height: 0\"><\/div>\n<div id=\"kpm_content_wrapper\" class=\"notranslate\"><\/div>\n","protected":false},"excerpt":{"rendered":"<p>Mein Engagement im Luzerner Kantonsrat zeigte sich von 2014 bis 2026 in der SP Fraktion in der aktiven Beteiligung an den politischen Prozessen. 2023-2026 Pr\u00e4sident&#8230;<\/p>\n","protected":false},"author":1,"featured_media":5479,"parent":0,"menu_order":0,"comment_status":"open","ping_status":"open","template":"","meta":{"footnotes":""},"class_list":["post-2","page","type-page","status-publish","has-post-thumbnail","hentry"],"yoast_head":"<!-- This site is optimized with the Yoast SEO plugin v27.4 - https:\/\/yoast.com\/product\/yoast-seo-wordpress\/ -->\n<title>Den Kanton Luzern mitgestalten! - Peter F\u00e4ssler<\/title>\n<meta name=\"robots\" content=\"index, follow, max-snippet:-1, max-image-preview:large, max-video-preview:-1\" \/>\n<link rel=\"canonical\" href=\"https:\/\/peter-faessler.spschweiz.ch\/\" \/>\n<meta property=\"og:locale\" content=\"de_DE\" \/>\n<meta property=\"og:type\" content=\"article\" \/>\n<meta property=\"og:title\" content=\"Ich kandidiere f\u00fcr den Kantonsrat Luzern\" \/>\n<meta property=\"og:description\" content=\"Mein Engagement im Luzerner Kantonsrat zeigte sich von 2014 bis 2026 in der SP Fraktion in der aktiven Beteiligung an den politischen Prozessen. 2023-2026 Pr\u00e4sident...\" \/>\n<meta property=\"og:url\" content=\"https:\/\/peter-faessler.spschweiz.ch\/\" \/>\n<meta property=\"og:site_name\" content=\"Peter F\u00e4ssler\" \/>\n<meta property=\"article:modified_time\" content=\"2026-03-24T20:54:23+00:00\" \/>\n<meta property=\"og:image\" content=\"http:\/\/peter-faessler.spschweiz.ch\/wp-content\/uploads\/sites\/15\/2023\/06\/MP-20-5-23-1177.jpg\" \/>\n\t<meta property=\"og:image:width\" content=\"800\" \/>\n\t<meta property=\"og:image:height\" content=\"1200\" \/>\n\t<meta property=\"og:image:type\" content=\"image\/jpeg\" \/>\n<meta name=\"twitter:label1\" content=\"Gesch\u00e4tzte Lesezeit\" \/>\n\t<meta name=\"twitter:data1\" content=\"4\u00a0Minuten\" \/>\n<script type=\"application\/ld+json\" class=\"yoast-schema-graph\">{\"@context\":\"https:\\\/\\\/schema.org\",\"@graph\":[{\"@type\":\"WebPage\",\"@id\":\"https:\\\/\\\/peter-faessler.spschweiz.ch\\\/\",\"url\":\"https:\\\/\\\/peter-faessler.spschweiz.ch\\\/\",\"name\":\"Den Kanton Luzern mitgestalten! - Peter F\u00e4ssler\",\"isPartOf\":{\"@id\":\"https:\\\/\\\/peter-faessler.spschweiz.ch\\\/#website\"},\"primaryImageOfPage\":{\"@id\":\"https:\\\/\\\/peter-faessler.spschweiz.ch\\\/#primaryimage\"},\"image\":{\"@id\":\"https:\\\/\\\/peter-faessler.spschweiz.ch\\\/#primaryimage\"},\"thumbnailUrl\":\"https:\\\/\\\/peter-faessler.spschweiz.ch\\\/wp-content\\\/uploads\\\/sites\\\/15\\\/2023\\\/06\\\/MP-20-5-23-1177.jpg\",\"datePublished\":\"2013-09-17T15:43:42+00:00\",\"dateModified\":\"2026-03-24T20:54:23+00:00\",\"breadcrumb\":{\"@id\":\"https:\\\/\\\/peter-faessler.spschweiz.ch\\\/#breadcrumb\"},\"inLanguage\":\"de\",\"potentialAction\":[{\"@type\":\"ReadAction\",\"target\":[\"https:\\\/\\\/peter-faessler.spschweiz.ch\\\/\"]}]},{\"@type\":\"ImageObject\",\"inLanguage\":\"de\",\"@id\":\"https:\\\/\\\/peter-faessler.spschweiz.ch\\\/#primaryimage\",\"url\":\"https:\\\/\\\/peter-faessler.spschweiz.ch\\\/wp-content\\\/uploads\\\/sites\\\/15\\\/2023\\\/06\\\/MP-20-5-23-1177.jpg\",\"contentUrl\":\"https:\\\/\\\/peter-faessler.spschweiz.ch\\\/wp-content\\\/uploads\\\/sites\\\/15\\\/2023\\\/06\\\/MP-20-5-23-1177.jpg\",\"width\":800,\"height\":1200},{\"@type\":\"BreadcrumbList\",\"@id\":\"https:\\\/\\\/peter-faessler.spschweiz.ch\\\/#breadcrumb\",\"itemListElement\":[{\"@type\":\"ListItem\",\"position\":1,\"name\":\"Startseite\",\"item\":\"https:\\\/\\\/peter-faessler.spschweiz.ch\\\/\"},{\"@type\":\"ListItem\",\"position\":2,\"name\":\"Den Kanton Luzern mitgestalten!\"}]},{\"@type\":\"WebSite\",\"@id\":\"https:\\\/\\\/peter-faessler.spschweiz.ch\\\/#website\",\"url\":\"https:\\\/\\\/peter-faessler.spschweiz.ch\\\/\",\"name\":\"Peter F\u00e4ssler\",\"description\":\"SP Kantonsrat Kanton Luzern\",\"potentialAction\":[{\"@type\":\"SearchAction\",\"target\":{\"@type\":\"EntryPoint\",\"urlTemplate\":\"https:\\\/\\\/peter-faessler.spschweiz.ch\\\/?s={search_term_string}\"},\"query-input\":{\"@type\":\"PropertyValueSpecification\",\"valueRequired\":true,\"valueName\":\"search_term_string\"}}],\"inLanguage\":\"de\"}]}<\/script>\n<!-- \/ Yoast SEO plugin. -->","yoast_head_json":{"title":"Den Kanton Luzern mitgestalten! - Peter F\u00e4ssler","robots":{"index":"index","follow":"follow","max-snippet":"max-snippet:-1","max-image-preview":"max-image-preview:large","max-video-preview":"max-video-preview:-1"},"canonical":"https:\/\/peter-faessler.spschweiz.ch\/","og_locale":"de_DE","og_type":"article","og_title":"Ich kandidiere f\u00fcr den Kantonsrat Luzern","og_description":"Mein Engagement im Luzerner Kantonsrat zeigte sich von 2014 bis 2026 in der SP Fraktion in der aktiven Beteiligung an den politischen Prozessen. 2023-2026 Pr\u00e4sident...","og_url":"https:\/\/peter-faessler.spschweiz.ch\/","og_site_name":"Peter F\u00e4ssler","article_modified_time":"2026-03-24T20:54:23+00:00","og_image":[{"width":800,"height":1200,"url":"http:\/\/peter-faessler.spschweiz.ch\/wp-content\/uploads\/sites\/15\/2023\/06\/MP-20-5-23-1177.jpg","type":"image\/jpeg"}],"twitter_misc":{"Gesch\u00e4tzte Lesezeit":"4\u00a0Minuten"},"schema":{"@context":"https:\/\/schema.org","@graph":[{"@type":"WebPage","@id":"https:\/\/peter-faessler.spschweiz.ch\/","url":"https:\/\/peter-faessler.spschweiz.ch\/","name":"Den Kanton Luzern mitgestalten! - Peter F\u00e4ssler","isPartOf":{"@id":"https:\/\/peter-faessler.spschweiz.ch\/#website"},"primaryImageOfPage":{"@id":"https:\/\/peter-faessler.spschweiz.ch\/#primaryimage"},"image":{"@id":"https:\/\/peter-faessler.spschweiz.ch\/#primaryimage"},"thumbnailUrl":"https:\/\/peter-faessler.spschweiz.ch\/wp-content\/uploads\/sites\/15\/2023\/06\/MP-20-5-23-1177.jpg","datePublished":"2013-09-17T15:43:42+00:00","dateModified":"2026-03-24T20:54:23+00:00","breadcrumb":{"@id":"https:\/\/peter-faessler.spschweiz.ch\/#breadcrumb"},"inLanguage":"de","potentialAction":[{"@type":"ReadAction","target":["https:\/\/peter-faessler.spschweiz.ch\/"]}]},{"@type":"ImageObject","inLanguage":"de","@id":"https:\/\/peter-faessler.spschweiz.ch\/#primaryimage","url":"https:\/\/peter-faessler.spschweiz.ch\/wp-content\/uploads\/sites\/15\/2023\/06\/MP-20-5-23-1177.jpg","contentUrl":"https:\/\/peter-faessler.spschweiz.ch\/wp-content\/uploads\/sites\/15\/2023\/06\/MP-20-5-23-1177.jpg","width":800,"height":1200},{"@type":"BreadcrumbList","@id":"https:\/\/peter-faessler.spschweiz.ch\/#breadcrumb","itemListElement":[{"@type":"ListItem","position":1,"name":"Startseite","item":"https:\/\/peter-faessler.spschweiz.ch\/"},{"@type":"ListItem","position":2,"name":"Den Kanton Luzern mitgestalten!"}]},{"@type":"WebSite","@id":"https:\/\/peter-faessler.spschweiz.ch\/#website","url":"https:\/\/peter-faessler.spschweiz.ch\/","name":"Peter F\u00e4ssler","description":"SP Kantonsrat Kanton Luzern","potentialAction":[{"@type":"SearchAction","target":{"@type":"EntryPoint","urlTemplate":"https:\/\/peter-faessler.spschweiz.ch\/?s={search_term_string}"},"query-input":{"@type":"PropertyValueSpecification","valueRequired":true,"valueName":"search_term_string"}}],"inLanguage":"de"}]}},"_links":{"self":[{"href":"https:\/\/peter-faessler.spschweiz.ch\/index.php?rest_route=\/wp\/v2\/pages\/2","targetHints":{"allow":["GET"]}}],"collection":[{"href":"https:\/\/peter-faessler.spschweiz.ch\/index.php?rest_route=\/wp\/v2\/pages"}],"about":[{"href":"https:\/\/peter-faessler.spschweiz.ch\/index.php?rest_route=\/wp\/v2\/types\/page"}],"author":[{"embeddable":true,"href":"https:\/\/peter-faessler.spschweiz.ch\/index.php?rest_route=\/wp\/v2\/users\/1"}],"replies":[{"embeddable":true,"href":"https:\/\/peter-faessler.spschweiz.ch\/index.php?rest_route=%2Fwp%2Fv2%2Fcomments&post=2"}],"version-history":[{"count":153,"href":"https:\/\/peter-faessler.spschweiz.ch\/index.php?rest_route=\/wp\/v2\/pages\/2\/revisions"}],"predecessor-version":[{"id":6015,"href":"https:\/\/peter-faessler.spschweiz.ch\/index.php?rest_route=\/wp\/v2\/pages\/2\/revisions\/6015"}],"wp:featuredmedia":[{"embeddable":true,"href":"https:\/\/peter-faessler.spschweiz.ch\/index.php?rest_route=\/wp\/v2\/media\/5479"}],"wp:attachment":[{"href":"https:\/\/peter-faessler.spschweiz.ch\/index.php?rest_route=%2Fwp%2Fv2%2Fmedia&parent=2"}],"curies":[{"name":"wp","href":"https:\/\/api.w.org\/{rel}","templated":true}]}}